{"id":4314,"date":"2025-10-16T15:05:33","date_gmt":"2025-10-16T13:05:33","guid":{"rendered":"https:\/\/decarb-fast-track.com\/?page_id=4314"},"modified":"2025-10-16T15:14:31","modified_gmt":"2025-10-16T13:14:31","slug":"contact","status":"publish","type":"page","link":"https:\/\/decarb-fast-track.com\/fr\/contact\/","title":{"rendered":"Contact"},"content":{"rendered":"<div data-elementor-type=\"wp-page\" data-elementor-id=\"4314\" class=\"elementor elementor-4314\" data-elementor-post-type=\"page\">\n\t\t\t\t<div class=\"elementor-element elementor-element-e563abe e-con-full e-flex e-con e-parent\" data-id=\"e563abe\" data-element_type=\"container\" data-e-type=\"container\">\n\t\t<div class=\"elementor-element elementor-element-aa3154f e-con-full e-flex e-con e-child\" data-id=\"aa3154f\" data-element_type=\"container\" data-e-type=\"container\">\n\t\t\t\t<div class=\"elementor-element elementor-element-d031a13 elementor-widget elementor-widget-heading\" data-id=\"d031a13\" data-element_type=\"widget\" data-e-type=\"widget\" data-widget_type=\"heading.default\">\n\t\t\t\t<div class=\"elementor-widget-container\">\n\t\t\t\t\t<h1 class=\"elementor-heading-title elementor-size-default\">Vous avez une question sur le Decarb Fast Track Institute ?<\/h1>\t\t\t\t<\/div>\n\t\t\t\t<\/div>\n\t\t<div class=\"elementor-element elementor-element-b6df0b0 e-con-full e-flex e-con e-child\" data-id=\"b6df0b0\" data-element_type=\"container\" data-e-type=\"container\">\n\t\t<div class=\"elementor-element elementor-element-991d74b e-con-full e-flex e-con e-child\" data-id=\"991d74b\" data-element_type=\"container\" data-e-type=\"container\">\n\t\t\t\t<div class=\"elementor-element elementor-element-df97df4 elementor-widget elementor-widget-heading\" data-id=\"df97df4\" data-element_type=\"widget\" data-e-type=\"widget\" data-widget_type=\"heading.default\">\n\t\t\t\t<div class=\"elementor-widget-container\">\n\t\t\t\t\t<h2 class=\"elementor-heading-title elementor-size-default\">Remplissez le formulaire pour contacter notre \u00e9quipe<\/h2>\t\t\t\t<\/div>\n\t\t\t\t<\/div>\n\t\t\t\t<div class=\"elementor-element elementor-element-a965d41 elementor-widget elementor-widget-text-editor\" data-id=\"a965d41\" data-element_type=\"widget\" data-e-type=\"widget\" data-widget_type=\"text-editor.default\">\n\t\t\t\t<div class=\"elementor-widget-container\">\n\t\t\t\t\t\t\t\t\t<p class=\"translation-block\">Le <a href=\"https:\/\/decarb-fast-track.com\/fr\/decarb-fast-track-institute\/\" target=\"_self\">Decarb Fast Track Institute<\/a> est la premi\u00e8re communaut\u00e9 europ\u00e9enne d\u00e9di\u00e9e \u00e0 la d\u00e9carbonation industrielle gr\u00e2ce \u00e0 une gestion \u00e9nerg\u00e9tique efficace.<\/p>\t\t\t\t\t\t\t\t<\/div>\n\t\t\t\t<\/div>\n\t\t<div class=\"elementor-element elementor-element-eae499f e-con-full e-flex e-con e-child\" data-id=\"eae499f\" data-element_type=\"container\" data-e-type=\"container\">\n\t\t\t\t<div class=\"elementor-element elementor-element-006b033 elementor-widget__width-initial elementor-widget elementor-widget-heading\" data-id=\"006b033\" data-element_type=\"widget\" data-e-type=\"widget\" data-widget_type=\"heading.default\">\n\t\t\t\t<div class=\"elementor-widget-container\">\n\t\t\t\t\t<h3 class=\"elementor-heading-title elementor-size-default\">Contactez notre \u00e9quipe<\/h3>\t\t\t\t<\/div>\n\t\t\t\t<\/div>\n\t\t\t\t<div class=\"elementor-element elementor-element-ef2c866 elementor-widget elementor-widget-html\" data-id=\"ef2c866\" data-element_type=\"widget\" data-e-type=\"widget\" data-no-translation=\"\" data-widget_type=\"html.default\">\n\t\t\t\t<div class=\"elementor-widget-container\">\n\t\t\t\t\t<style>.elementor-element-ef2c866{display:none !important}<\/style>\t\t\t\t<\/div>\n\t\t\t\t<\/div>\n\t\t\t\t<div class=\"elementor-element elementor-element-5d03a74 elementor-widget elementor-widget-html\" data-id=\"5d03a74\" data-element_type=\"widget\" data-e-type=\"widget\" data-no-translation=\"\" data-widget_type=\"html.default\">\n\t\t\t\t<div class=\"elementor-widget-container\">\n\t\t\t\t\t    <link rel=\"stylesheet\" href=\"https:\/\/asencie-dapesco-odoo-v17.odoo.com\/marketing\/forms\/style\/a8d45f2c-faa8-4be9-932d-856cceac2852.css\">\n\n    <div id=\"odoo-form-container-a8d45f2c-faa8-4be9-932d-856cceac2852\" class=\"odoo-form-wrapper\" data-formid=\"a8d45f2c-faa8-4be9-932d-856cceac2852\"><\/div>\n\n    <!-- Configuration inject\u00e9e directement -->\n    <script>\n      window.OdooFormsConfig_a8d45f2c_faa8_4be9_932d_856cceac2852 = {\n        baseUrl: \"https:\/\/asencie-dapesco-odoo-v17.odoo.com\",\n        apiKey: \"\",\n        formId: \"a8d45f2c-faa8-4be9-932d-856cceac2852\"\n      };\n    <\/script>\n\n    <!-- Initialisation du formulaire -->\n    <script>\n    (function(){\n      const cfg = {\n        formId: \"a8d45f2c-faa8-4be9-932d-856cceac2852\"\n      };\n      if (window.odooForms && typeof window.odooForms.create === 'function') {\n        window.odooForms.create(cfg);\n      } else {\n        document.addEventListener('DOMContentLoaded', function(){\n          if (window.odooForms && typeof window.odooForms.create === 'function') {\n            window.odooForms.create(cfg);\n          }\n        });\n      }\n    })();\n  <\/script>\n    \t\t\t\t<\/div>\n\t\t\t\t<\/div>\n\t\t\t\t<\/div>\n\t\t\t\t<\/div>\n\t\t\t\t<\/div>\n\t\t\t\t<\/div>\n\t\t\t\t<\/div>\n\t\t\t\t<\/div>","protected":false},"excerpt":{"rendered":"<p>Do you have a question about the Decarb Fast Track Institute? Fill in the form to get in touch with our team The Decarb Fast Track Institute is the first European community for industrial decarbonisation through effective energy management. Contact our team<\/p>","protected":false},"author":8,"featured_media":39,"parent":0,"menu_order":0,"comment_status":"closed","ping_status":"closed","template":"","meta":{"_acf_changed":false,"content-type":"","footnotes":""},"class_list":["post-4314","page","type-page","status-publish","has-post-thumbnail","hentry"],"acf":[],"yoast_head":"<!-- This site is optimized with the Yoast SEO plugin v27.3 - https:\/\/yoast.com\/product\/yoast-seo-wordpress\/ -->\n<title>Contact - Decarb Fast Track<\/title>\n<meta name=\"robots\" content=\"index, follow, max-snippet:-1, max-image-preview:large, max-video-preview:-1\" \/>\n<link rel=\"canonical\" href=\"https:\/\/decarb-fast-track.com\/fr\/contact\/\" \/>\n<meta property=\"og:locale\" content=\"fr_FR\" \/>\n<meta property=\"og:type\" content=\"article\" \/>\n<meta property=\"og:title\" content=\"Contact - Decarb Fast Track\" \/>\n<meta property=\"og:description\" content=\"Do you have a question about the Decarb Fast Track Institute? Fill in the form to get in touch with our team The Decarb Fast Track Institute is the first European community for industrial decarbonisation through effective energy management. Contact our team\" \/>\n<meta property=\"og:url\" content=\"https:\/\/decarb-fast-track.com\/fr\/contact\/\" \/>\n<meta property=\"og:site_name\" content=\"Decarb Fast Track\" \/>\n<meta property=\"article:modified_time\" content=\"2025-10-16T13:14:31+00:00\" \/>\n<meta property=\"og:image\" content=\"http:\/\/decarb-fast-track.com\/wp-content\/uploads\/2022\/11\/cropped-ico-decarb-fast-track.png\" \/>\n\t<meta property=\"og:image:width\" content=\"512\" \/>\n\t<meta property=\"og:image:height\" content=\"512\" \/>\n\t<meta property=\"og:image:type\" content=\"image\/png\" \/>\n<meta name=\"twitter:card\" content=\"summary_large_image\" \/>\n<meta name=\"twitter:label1\" content=\"Dur\u00e9e de lecture estim\u00e9e\" \/>\n\t<meta name=\"twitter:data1\" content=\"1 minute\" \/>\n<script type=\"application\/ld+json\" class=\"yoast-schema-graph\">{\"@context\":\"https:\\\/\\\/schema.org\",\"@graph\":[{\"@type\":\"WebPage\",\"@id\":\"https:\\\/\\\/decarb-fast-track.com\\\/contact\\\/\",\"url\":\"https:\\\/\\\/decarb-fast-track.com\\\/contact\\\/\",\"name\":\"Contact - Decarb Fast Track\",\"isPartOf\":{\"@id\":\"https:\\\/\\\/decarb-fast-track.com\\\/#website\"},\"primaryImageOfPage\":{\"@id\":\"https:\\\/\\\/decarb-fast-track.com\\\/contact\\\/#primaryimage\"},\"image\":{\"@id\":\"https:\\\/\\\/decarb-fast-track.com\\\/contact\\\/#primaryimage\"},\"thumbnailUrl\":\"https:\\\/\\\/decarb-fast-track.com\\\/wp-content\\\/uploads\\\/2022\\\/11\\\/cropped-ico-decarb-fast-track.png\",\"datePublished\":\"2025-10-16T13:05:33+00:00\",\"dateModified\":\"2025-10-16T13:14:31+00:00\",\"breadcrumb\":{\"@id\":\"https:\\\/\\\/decarb-fast-track.com\\\/contact\\\/#breadcrumb\"},\"inLanguage\":\"fr-FR\",\"potentialAction\":[{\"@type\":\"ReadAction\",\"target\":[\"https:\\\/\\\/decarb-fast-track.com\\\/contact\\\/\"]}]},{\"@type\":\"ImageObject\",\"inLanguage\":\"fr-FR\",\"@id\":\"https:\\\/\\\/decarb-fast-track.com\\\/contact\\\/#primaryimage\",\"url\":\"https:\\\/\\\/decarb-fast-track.com\\\/wp-content\\\/uploads\\\/2022\\\/11\\\/cropped-ico-decarb-fast-track.png\",\"contentUrl\":\"https:\\\/\\\/decarb-fast-track.com\\\/wp-content\\\/uploads\\\/2022\\\/11\\\/cropped-ico-decarb-fast-track.png\",\"width\":512,\"height\":512,\"caption\":\"Favicon Decarb Fast Track\"},{\"@type\":\"BreadcrumbList\",\"@id\":\"https:\\\/\\\/decarb-fast-track.com\\\/contact\\\/#breadcrumb\",\"itemListElement\":[{\"@type\":\"ListItem\",\"position\":1,\"name\":\"Accueil\",\"item\":\"https:\\\/\\\/decarb-fast-track.com\\\/\"},{\"@type\":\"ListItem\",\"position\":2,\"name\":\"Contact\"}]},{\"@type\":\"WebSite\",\"@id\":\"https:\\\/\\\/decarb-fast-track.com\\\/#website\",\"url\":\"https:\\\/\\\/decarb-fast-track.com\\\/\",\"name\":\"Decarb Fast Track\",\"description\":\"Face the energy crisis with our programme\",\"publisher\":{\"@id\":\"https:\\\/\\\/decarb-fast-track.com\\\/#organization\"},\"potentialAction\":[{\"@type\":\"SearchAction\",\"target\":{\"@type\":\"EntryPoint\",\"urlTemplate\":\"https:\\\/\\\/decarb-fast-track.com\\\/?s={search_term_string}\"},\"query-input\":{\"@type\":\"PropertyValueSpecification\",\"valueRequired\":true,\"valueName\":\"search_term_string\"}}],\"inLanguage\":\"fr-FR\"},{\"@type\":\"Organization\",\"@id\":\"https:\\\/\\\/decarb-fast-track.com\\\/#organization\",\"name\":\"Decarb Fast Track\",\"url\":\"https:\\\/\\\/decarb-fast-track.com\\\/\",\"logo\":{\"@type\":\"ImageObject\",\"inLanguage\":\"fr-FR\",\"@id\":\"https:\\\/\\\/decarb-fast-track.com\\\/#\\\/schema\\\/logo\\\/image\\\/\",\"url\":\"https:\\\/\\\/decarb-fast-track.com\\\/wp-content\\\/uploads\\\/2022\\\/11\\\/Logo-DFT-institute_colour-scaled-e1761124267153.png\",\"contentUrl\":\"https:\\\/\\\/decarb-fast-track.com\\\/wp-content\\\/uploads\\\/2022\\\/11\\\/Logo-DFT-institute_colour-scaled-e1761124267153.png\",\"width\":2214,\"height\":777,\"caption\":\"Decarb Fast Track\"},\"image\":{\"@id\":\"https:\\\/\\\/decarb-fast-track.com\\\/#\\\/schema\\\/logo\\\/image\\\/\"}}]}<\/script>\n<!-- \/ Yoast SEO plugin. -->","yoast_head_json":{"title":"Contact - Decarb Fast Track","robots":{"index":"index","follow":"follow","max-snippet":"max-snippet:-1","max-image-preview":"max-image-preview:large","max-video-preview":"max-video-preview:-1"},"canonical":"https:\/\/decarb-fast-track.com\/fr\/contact\/","og_locale":"fr_FR","og_type":"article","og_title":"Contact - Decarb Fast Track","og_description":"Do you have a question about the Decarb Fast Track Institute? Fill in the form to get in touch with our team The Decarb Fast Track Institute is the first European community for industrial decarbonisation through effective energy management. Contact our team","og_url":"https:\/\/decarb-fast-track.com\/fr\/contact\/","og_site_name":"Decarb Fast Track","article_modified_time":"2025-10-16T13:14:31+00:00","og_image":[{"width":512,"height":512,"url":"http:\/\/decarb-fast-track.com\/wp-content\/uploads\/2022\/11\/cropped-ico-decarb-fast-track.png","type":"image\/png"}],"twitter_card":"summary_large_image","twitter_misc":{"Dur\u00e9e de lecture estim\u00e9e":"1 minute"},"schema":{"@context":"https:\/\/schema.org","@graph":[{"@type":"WebPage","@id":"https:\/\/decarb-fast-track.com\/contact\/","url":"https:\/\/decarb-fast-track.com\/contact\/","name":"Contact - Decarb Fast Track","isPartOf":{"@id":"https:\/\/decarb-fast-track.com\/#website"},"primaryImageOfPage":{"@id":"https:\/\/decarb-fast-track.com\/contact\/#primaryimage"},"image":{"@id":"https:\/\/decarb-fast-track.com\/contact\/#primaryimage"},"thumbnailUrl":"https:\/\/decarb-fast-track.com\/wp-content\/uploads\/2022\/11\/cropped-ico-decarb-fast-track.png","datePublished":"2025-10-16T13:05:33+00:00","dateModified":"2025-10-16T13:14:31+00:00","breadcrumb":{"@id":"https:\/\/decarb-fast-track.com\/contact\/#breadcrumb"},"inLanguage":"fr-FR","potentialAction":[{"@type":"ReadAction","target":["https:\/\/decarb-fast-track.com\/contact\/"]}]},{"@type":"ImageObject","inLanguage":"fr-FR","@id":"https:\/\/decarb-fast-track.com\/contact\/#primaryimage","url":"https:\/\/decarb-fast-track.com\/wp-content\/uploads\/2022\/11\/cropped-ico-decarb-fast-track.png","contentUrl":"https:\/\/decarb-fast-track.com\/wp-content\/uploads\/2022\/11\/cropped-ico-decarb-fast-track.png","width":512,"height":512,"caption":"Favicon Decarb Fast Track"},{"@type":"BreadcrumbList","@id":"https:\/\/decarb-fast-track.com\/contact\/#breadcrumb","itemListElement":[{"@type":"ListItem","position":1,"name":"Accueil","item":"https:\/\/decarb-fast-track.com\/"},{"@type":"ListItem","position":2,"name":"Contact"}]},{"@type":"WebSite","@id":"https:\/\/decarb-fast-track.com\/#website","url":"https:\/\/decarb-fast-track.com\/","name":"Decarb Fast Track","description":"Face the energy crisis with our programme","publisher":{"@id":"https:\/\/decarb-fast-track.com\/#organization"},"potentialAction":[{"@type":"SearchAction","target":{"@type":"EntryPoint","urlTemplate":"https:\/\/decarb-fast-track.com\/?s={search_term_string}"},"query-input":{"@type":"PropertyValueSpecification","valueRequired":true,"valueName":"search_term_string"}}],"inLanguage":"fr-FR"},{"@type":"Organization","@id":"https:\/\/decarb-fast-track.com\/#organization","name":"Decarb Fast Track","url":"https:\/\/decarb-fast-track.com\/","logo":{"@type":"ImageObject","inLanguage":"fr-FR","@id":"https:\/\/decarb-fast-track.com\/#\/schema\/logo\/image\/","url":"https:\/\/decarb-fast-track.com\/wp-content\/uploads\/2022\/11\/Logo-DFT-institute_colour-scaled-e1761124267153.png","contentUrl":"https:\/\/decarb-fast-track.com\/wp-content\/uploads\/2022\/11\/Logo-DFT-institute_colour-scaled-e1761124267153.png","width":2214,"height":777,"caption":"Decarb Fast Track"},"image":{"@id":"https:\/\/decarb-fast-track.com\/#\/schema\/logo\/image\/"}}]}},"_links":{"self":[{"href":"https:\/\/decarb-fast-track.com\/fr\/wp-json\/wp\/v2\/pages\/4314","targetHints":{"allow":["GET"]}}],"collection":[{"href":"https:\/\/decarb-fast-track.com\/fr\/wp-json\/wp\/v2\/pages"}],"about":[{"href":"https:\/\/decarb-fast-track.com\/fr\/wp-json\/wp\/v2\/types\/page"}],"author":[{"embeddable":true,"href":"https:\/\/decarb-fast-track.com\/fr\/wp-json\/wp\/v2\/users\/8"}],"replies":[{"embeddable":true,"href":"https:\/\/decarb-fast-track.com\/fr\/wp-json\/wp\/v2\/comments?post=4314"}],"version-history":[{"count":15,"href":"https:\/\/decarb-fast-track.com\/fr\/wp-json\/wp\/v2\/pages\/4314\/revisions"}],"predecessor-version":[{"id":4331,"href":"https:\/\/decarb-fast-track.com\/fr\/wp-json\/wp\/v2\/pages\/4314\/revisions\/4331"}],"wp:featuredmedia":[{"embeddable":true,"href":"https:\/\/decarb-fast-track.com\/fr\/wp-json\/wp\/v2\/media\/39"}],"wp:attachment":[{"href":"https:\/\/decarb-fast-track.com\/fr\/wp-json\/wp\/v2\/media?parent=4314"}],"curies":[{"name":"wp","href":"https:\/\/api.w.org\/{rel}","templated":true}]}}