{"id":3933,"date":"2025-06-26T09:56:47","date_gmt":"2025-06-26T07:56:47","guid":{"rendered":"https:\/\/decarb-fast-track.com\/?page_id=3933"},"modified":"2025-10-16T14:40:24","modified_gmt":"2025-10-16T12:40:24","slug":"become-partner-institute","status":"publish","type":"page","link":"https:\/\/decarb-fast-track.com\/fr\/become-partner-institute\/","title":{"rendered":"Become a Partner of the Decarb Fast Track Institute"},"content":{"rendered":"<div data-elementor-type=\"wp-page\" data-elementor-id=\"3933\" class=\"elementor elementor-3933\" data-elementor-post-type=\"page\">\n\t\t\t\t<div class=\"elementor-element elementor-element-e563abe e-con-full e-flex e-con e-parent\" data-id=\"e563abe\" data-element_type=\"container\" data-e-type=\"container\">\n\t\t<div class=\"elementor-element elementor-element-aa3154f e-con-full e-flex e-con e-child\" data-id=\"aa3154f\" data-element_type=\"container\" data-e-type=\"container\">\n\t\t\t\t<div class=\"elementor-element elementor-element-d031a13 elementor-widget elementor-widget-heading\" data-id=\"d031a13\" data-element_type=\"widget\" data-e-type=\"widget\" data-widget_type=\"heading.default\">\n\t\t\t\t<div class=\"elementor-widget-container\">\n\t\t\t\t\t<h1 class=\"elementor-heading-title elementor-size-default translation-block\">Devenez partenaire de<br>\nl'Institut Decarb Fast Track<\/h1>\t\t\t\t<\/div>\n\t\t\t\t<\/div>\n\t\t\t\t<div class=\"elementor-element elementor-element-df97df4 elementor-widget elementor-widget-heading\" data-id=\"df97df4\" data-element_type=\"widget\" data-e-type=\"widget\" data-widget_type=\"heading.default\">\n\t\t\t\t<div class=\"elementor-widget-container\">\n\t\t\t\t\t<h2 class=\"elementor-heading-title elementor-size-default\">Voulez-vous investir dans le mouvement ?<\/h2>\t\t\t\t<\/div>\n\t\t\t\t<\/div>\n\t\t\t\t<div class=\"elementor-element elementor-element-ab7eb56 elementor-widget elementor-widget-text-editor\" data-id=\"ab7eb56\" data-element_type=\"widget\" data-e-type=\"widget\" data-widget_type=\"text-editor.default\">\n\t\t\t\t<div class=\"elementor-widget-container\">\n\t\t\t\t\t\t\t\t\t<p class=\"translation-block\">Devenez un acteur cl\u00e9 de la premi\u00e8re communaut\u00e9 europ\u00e9enne pour la d\u00e9carbonisation industrielle gr\u00e2ce \u00e0 une gestion efficace de l'\u00e9nergie. <strong>Les partenaires b\u00e9n\u00e9ficient d'une plus grande visibilit\u00e9, d'un acc\u00e8s \u00e0 un r\u00e9seau de haute qualit\u00e9, d'avantages financiers et bien plus encore<\/strong>.<\/p><p><strong><a href=\"https:\/\/decarb-fast-track.com\/fr\/decarb-fast-track-institute\/\">En savoir plus sur le Decarb Fast Track Institute.<\/a><\/strong><\/p>\t\t\t\t\t\t\t\t<\/div>\n\t\t\t\t<\/div>\n\t\t\t\t<div class=\"elementor-element elementor-element-006b033 elementor-widget__width-initial elementor-widget elementor-widget-heading\" data-id=\"006b033\" data-element_type=\"widget\" data-e-type=\"widget\" data-widget_type=\"heading.default\">\n\t\t\t\t<div class=\"elementor-widget-container\">\n\t\t\t\t\t<h3 class=\"elementor-heading-title elementor-size-default\">Remplissez le formulaire et nous vous contacterons pour vous fournir plus d'informations.<\/h3>\t\t\t\t<\/div>\n\t\t\t\t<\/div>\n\t\t\t\t<div class=\"elementor-element elementor-element-ef2c866 elementor-widget elementor-widget-html\" data-id=\"ef2c866\" data-element_type=\"widget\" data-e-type=\"widget\" data-widget_type=\"html.default\">\n\t\t\t\t<div class=\"elementor-widget-container\">\n\t\t\t\t\t<!-- === Odoo Forms (MetronLab) === -->\n<link rel=\"stylesheet\" href=\"\/wp-content\/plugins\/odoo-forms\/assets\/css\/odoo-forms-default.css\" \/>\n<script src=\"\/wp-content\/plugins\/odoo-forms\/assets\/js\/odoo-forms-v2.js\"><\/script>\n<script>odooForms.create({formId: \"59d94234-ae83-4ee9-a8bc-935f2c9b8f42\"});<\/script>\t\t\t\t<\/div>\n\t\t\t\t<\/div>\n\t\t\t\t<\/div>\n\t\t\t\t<\/div>\n\t\t\t\t<\/div>","protected":false},"excerpt":{"rendered":"<p>Become a partner of the Decarb Fast Track Institute Do you want to invest in the movement? Become a key player of the first European community for industrial decarbonization through effective energy management. Partners benefit from more visibility, access to a high quality network, financial benefits, and more. Learn more about the Decarb Fast Track [&hellip;]<\/p>\n","protected":false},"author":8,"featured_media":39,"parent":0,"menu_order":0,"comment_status":"closed","ping_status":"closed","template":"","meta":{"_acf_changed":false,"content-type":"","footnotes":""},"class_list":["post-3933","page","type-page","status-publish","has-post-thumbnail","hentry"],"acf":[],"yoast_head":"<!-- This site is optimized with the Yoast SEO plugin v27.4 - https:\/\/yoast.com\/product\/yoast-seo-wordpress\/ -->\n<title>Become a Partner of the Decarb Fast Track Institute - Decarb Fast Track<\/title>\n<meta name=\"description\" content=\"Become a key player of the Decarb Fast Track Institute, a decarbonisation movement for industrials, and take advantage of the benefits.\" \/>\n<meta name=\"robots\" content=\"index, follow, max-snippet:-1, max-image-preview:large, max-video-preview:-1\" \/>\n<link rel=\"canonical\" href=\"https:\/\/decarb-fast-track.com\/fr\/become-partner-institute\/\" \/>\n<meta property=\"og:locale\" content=\"fr_FR\" \/>\n<meta property=\"og:type\" content=\"article\" \/>\n<meta property=\"og:title\" content=\"Become a Partner of the Decarb Fast Track Institute - Decarb Fast Track\" \/>\n<meta property=\"og:description\" content=\"Become a key player of the Decarb Fast Track Institute, a decarbonisation movement for industrials, and take advantage of the benefits.\" \/>\n<meta property=\"og:url\" content=\"https:\/\/decarb-fast-track.com\/fr\/become-partner-institute\/\" \/>\n<meta property=\"og:site_name\" content=\"Decarb Fast Track\" \/>\n<meta property=\"article:modified_time\" content=\"2025-10-16T12:40:24+00:00\" \/>\n<meta property=\"og:image\" content=\"http:\/\/decarb-fast-track.com\/wp-content\/uploads\/2022\/11\/cropped-ico-decarb-fast-track.png\" \/>\n\t<meta property=\"og:image:width\" content=\"512\" \/>\n\t<meta property=\"og:image:height\" content=\"512\" \/>\n\t<meta property=\"og:image:type\" content=\"image\/png\" \/>\n<meta name=\"twitter:card\" content=\"summary_large_image\" \/>\n<meta name=\"twitter:label1\" content=\"Dur\u00e9e de lecture estim\u00e9e\" \/>\n\t<meta name=\"twitter:data1\" content=\"1 minute\" \/>\n<script type=\"application\/ld+json\" class=\"yoast-schema-graph\">{\"@context\":\"https:\\\/\\\/schema.org\",\"@graph\":[{\"@type\":\"WebPage\",\"@id\":\"https:\\\/\\\/decarb-fast-track.com\\\/become-partner-institute\\\/\",\"url\":\"https:\\\/\\\/decarb-fast-track.com\\\/become-partner-institute\\\/\",\"name\":\"Become a Partner of the Decarb Fast Track Institute - Decarb Fast Track\",\"isPartOf\":{\"@id\":\"https:\\\/\\\/decarb-fast-track.com\\\/#website\"},\"primaryImageOfPage\":{\"@id\":\"https:\\\/\\\/decarb-fast-track.com\\\/become-partner-institute\\\/#primaryimage\"},\"image\":{\"@id\":\"https:\\\/\\\/decarb-fast-track.com\\\/become-partner-institute\\\/#primaryimage\"},\"thumbnailUrl\":\"https:\\\/\\\/decarb-fast-track.com\\\/wp-content\\\/uploads\\\/2022\\\/11\\\/cropped-ico-decarb-fast-track.png\",\"datePublished\":\"2025-06-26T07:56:47+00:00\",\"dateModified\":\"2025-10-16T12:40:24+00:00\",\"description\":\"Become a key player of the Decarb Fast Track Institute, a decarbonisation movement for industrials, and take advantage of the benefits.\",\"breadcrumb\":{\"@id\":\"https:\\\/\\\/decarb-fast-track.com\\\/become-partner-institute\\\/#breadcrumb\"},\"inLanguage\":\"fr-FR\",\"potentialAction\":[{\"@type\":\"ReadAction\",\"target\":[\"https:\\\/\\\/decarb-fast-track.com\\\/become-partner-institute\\\/\"]}]},{\"@type\":\"ImageObject\",\"inLanguage\":\"fr-FR\",\"@id\":\"https:\\\/\\\/decarb-fast-track.com\\\/become-partner-institute\\\/#primaryimage\",\"url\":\"https:\\\/\\\/decarb-fast-track.com\\\/wp-content\\\/uploads\\\/2022\\\/11\\\/cropped-ico-decarb-fast-track.png\",\"contentUrl\":\"https:\\\/\\\/decarb-fast-track.com\\\/wp-content\\\/uploads\\\/2022\\\/11\\\/cropped-ico-decarb-fast-track.png\",\"width\":512,\"height\":512,\"caption\":\"Favicon Decarb Fast Track\"},{\"@type\":\"BreadcrumbList\",\"@id\":\"https:\\\/\\\/decarb-fast-track.com\\\/become-partner-institute\\\/#breadcrumb\",\"itemListElement\":[{\"@type\":\"ListItem\",\"position\":1,\"name\":\"Accueil\",\"item\":\"https:\\\/\\\/decarb-fast-track.com\\\/\"},{\"@type\":\"ListItem\",\"position\":2,\"name\":\"Become a Partner of the Decarb Fast Track Institute\"}]},{\"@type\":\"WebSite\",\"@id\":\"https:\\\/\\\/decarb-fast-track.com\\\/#website\",\"url\":\"https:\\\/\\\/decarb-fast-track.com\\\/\",\"name\":\"Decarb Fast Track\",\"description\":\"Face the energy crisis with our programme\",\"publisher\":{\"@id\":\"https:\\\/\\\/decarb-fast-track.com\\\/#organization\"},\"potentialAction\":[{\"@type\":\"SearchAction\",\"target\":{\"@type\":\"EntryPoint\",\"urlTemplate\":\"https:\\\/\\\/decarb-fast-track.com\\\/?s={search_term_string}\"},\"query-input\":{\"@type\":\"PropertyValueSpecification\",\"valueRequired\":true,\"valueName\":\"search_term_string\"}}],\"inLanguage\":\"fr-FR\"},{\"@type\":\"Organization\",\"@id\":\"https:\\\/\\\/decarb-fast-track.com\\\/#organization\",\"name\":\"Decarb Fast Track\",\"url\":\"https:\\\/\\\/decarb-fast-track.com\\\/\",\"logo\":{\"@type\":\"ImageObject\",\"inLanguage\":\"fr-FR\",\"@id\":\"https:\\\/\\\/decarb-fast-track.com\\\/#\\\/schema\\\/logo\\\/image\\\/\",\"url\":\"https:\\\/\\\/decarb-fast-track.com\\\/wp-content\\\/uploads\\\/2022\\\/11\\\/Logo-DFT-institute_colour-scaled-e1761124267153.png\",\"contentUrl\":\"https:\\\/\\\/decarb-fast-track.com\\\/wp-content\\\/uploads\\\/2022\\\/11\\\/Logo-DFT-institute_colour-scaled-e1761124267153.png\",\"width\":2214,\"height\":777,\"caption\":\"Decarb Fast Track\"},\"image\":{\"@id\":\"https:\\\/\\\/decarb-fast-track.com\\\/#\\\/schema\\\/logo\\\/image\\\/\"}}]}<\/script>\n<!-- \/ Yoast SEO plugin. -->","yoast_head_json":{"title":"Become a Partner of the Decarb Fast Track Institute - Decarb Fast Track","description":"Become a key player of the Decarb Fast Track Institute, a decarbonisation movement for industrials, and take advantage of the benefits.","robots":{"index":"index","follow":"follow","max-snippet":"max-snippet:-1","max-image-preview":"max-image-preview:large","max-video-preview":"max-video-preview:-1"},"canonical":"https:\/\/decarb-fast-track.com\/fr\/become-partner-institute\/","og_locale":"fr_FR","og_type":"article","og_title":"Become a Partner of the Decarb Fast Track Institute - Decarb Fast Track","og_description":"Become a key player of the Decarb Fast Track Institute, a decarbonisation movement for industrials, and take advantage of the benefits.","og_url":"https:\/\/decarb-fast-track.com\/fr\/become-partner-institute\/","og_site_name":"Decarb Fast Track","article_modified_time":"2025-10-16T12:40:24+00:00","og_image":[{"width":512,"height":512,"url":"http:\/\/decarb-fast-track.com\/wp-content\/uploads\/2022\/11\/cropped-ico-decarb-fast-track.png","type":"image\/png"}],"twitter_card":"summary_large_image","twitter_misc":{"Dur\u00e9e de lecture estim\u00e9e":"1 minute"},"schema":{"@context":"https:\/\/schema.org","@graph":[{"@type":"WebPage","@id":"https:\/\/decarb-fast-track.com\/become-partner-institute\/","url":"https:\/\/decarb-fast-track.com\/become-partner-institute\/","name":"Become a Partner of the Decarb Fast Track Institute - Decarb Fast Track","isPartOf":{"@id":"https:\/\/decarb-fast-track.com\/#website"},"primaryImageOfPage":{"@id":"https:\/\/decarb-fast-track.com\/become-partner-institute\/#primaryimage"},"image":{"@id":"https:\/\/decarb-fast-track.com\/become-partner-institute\/#primaryimage"},"thumbnailUrl":"https:\/\/decarb-fast-track.com\/wp-content\/uploads\/2022\/11\/cropped-ico-decarb-fast-track.png","datePublished":"2025-06-26T07:56:47+00:00","dateModified":"2025-10-16T12:40:24+00:00","description":"Become a key player of the Decarb Fast Track Institute, a decarbonisation movement for industrials, and take advantage of the benefits.","breadcrumb":{"@id":"https:\/\/decarb-fast-track.com\/become-partner-institute\/#breadcrumb"},"inLanguage":"fr-FR","potentialAction":[{"@type":"ReadAction","target":["https:\/\/decarb-fast-track.com\/become-partner-institute\/"]}]},{"@type":"ImageObject","inLanguage":"fr-FR","@id":"https:\/\/decarb-fast-track.com\/become-partner-institute\/#primaryimage","url":"https:\/\/decarb-fast-track.com\/wp-content\/uploads\/2022\/11\/cropped-ico-decarb-fast-track.png","contentUrl":"https:\/\/decarb-fast-track.com\/wp-content\/uploads\/2022\/11\/cropped-ico-decarb-fast-track.png","width":512,"height":512,"caption":"Favicon Decarb Fast Track"},{"@type":"BreadcrumbList","@id":"https:\/\/decarb-fast-track.com\/become-partner-institute\/#breadcrumb","itemListElement":[{"@type":"ListItem","position":1,"name":"Accueil","item":"https:\/\/decarb-fast-track.com\/"},{"@type":"ListItem","position":2,"name":"Become a Partner of the Decarb Fast Track Institute"}]},{"@type":"WebSite","@id":"https:\/\/decarb-fast-track.com\/#website","url":"https:\/\/decarb-fast-track.com\/","name":"Decarb Fast Track","description":"Face the energy crisis with our programme","publisher":{"@id":"https:\/\/decarb-fast-track.com\/#organization"},"potentialAction":[{"@type":"SearchAction","target":{"@type":"EntryPoint","urlTemplate":"https:\/\/decarb-fast-track.com\/?s={search_term_string}"},"query-input":{"@type":"PropertyValueSpecification","valueRequired":true,"valueName":"search_term_string"}}],"inLanguage":"fr-FR"},{"@type":"Organization","@id":"https:\/\/decarb-fast-track.com\/#organization","name":"Decarb Fast Track","url":"https:\/\/decarb-fast-track.com\/","logo":{"@type":"ImageObject","inLanguage":"fr-FR","@id":"https:\/\/decarb-fast-track.com\/#\/schema\/logo\/image\/","url":"https:\/\/decarb-fast-track.com\/wp-content\/uploads\/2022\/11\/Logo-DFT-institute_colour-scaled-e1761124267153.png","contentUrl":"https:\/\/decarb-fast-track.com\/wp-content\/uploads\/2022\/11\/Logo-DFT-institute_colour-scaled-e1761124267153.png","width":2214,"height":777,"caption":"Decarb Fast Track"},"image":{"@id":"https:\/\/decarb-fast-track.com\/#\/schema\/logo\/image\/"}}]}},"_links":{"self":[{"href":"https:\/\/decarb-fast-track.com\/fr\/wp-json\/wp\/v2\/pages\/3933","targetHints":{"allow":["GET"]}}],"collection":[{"href":"https:\/\/decarb-fast-track.com\/fr\/wp-json\/wp\/v2\/pages"}],"about":[{"href":"https:\/\/decarb-fast-track.com\/fr\/wp-json\/wp\/v2\/types\/page"}],"author":[{"embeddable":true,"href":"https:\/\/decarb-fast-track.com\/fr\/wp-json\/wp\/v2\/users\/8"}],"replies":[{"embeddable":true,"href":"https:\/\/decarb-fast-track.com\/fr\/wp-json\/wp\/v2\/comments?post=3933"}],"version-history":[{"count":44,"href":"https:\/\/decarb-fast-track.com\/fr\/wp-json\/wp\/v2\/pages\/3933\/revisions"}],"predecessor-version":[{"id":4313,"href":"https:\/\/decarb-fast-track.com\/fr\/wp-json\/wp\/v2\/pages\/3933\/revisions\/4313"}],"wp:featuredmedia":[{"embeddable":true,"href":"https:\/\/decarb-fast-track.com\/fr\/wp-json\/wp\/v2\/media\/39"}],"wp:attachment":[{"href":"https:\/\/decarb-fast-track.com\/fr\/wp-json\/wp\/v2\/media?parent=3933"}],"curies":[{"name":"wp","href":"https:\/\/api.w.org\/{rel}","templated":true}]}}